{"id":756,"date":"2017-05-31T05:05:41","date_gmt":"2017-05-31T03:05:41","guid":{"rendered":"http:\/\/lesvisitesdalice.fr\/contact\/"},"modified":"2026-01-13T14:45:37","modified_gmt":"2026-01-13T13:45:37","slug":"contact","status":"publish","type":"page","link":"https:\/\/lesvisitesdalice.fr\/en\/contact\/","title":{"rendered":"Contact"},"content":{"rendered":"\t\t<div data-elementor-type=\"wp-post\" data-elementor-id=\"756\" class=\"elementor elementor-756 elementor-49\">\n\t\t\t\t\t\t<section class=\"elementor-section elementor-top-section elementor-element elementor-element-9diqe2l elementor-section-full_width elementor-section-height-default elementor-section-height-default\" data-id=\"9diqe2l\" data-element_type=\"section\">\n\t\t\t\t\t\t<div class=\"elementor-container elementor-column-gap-no\">\n\t\t\t\t\t<div class=\"elementor-column elementor-col-100 elementor-top-column elementor-element elementor-element-euwlt2i\" data-id=\"euwlt2i\" data-element_type=\"column\">\n\t\t\t<div class=\"elementor-widget-wrap elementor-element-populated\">\n\t\t\t\t\t\t<div class=\"elementor-element elementor-element-60cffd7 elementor-widget elementor-widget-image\" data-id=\"60cffd7\" data-element_type=\"widget\" data-widget_type=\"image.default\">\n\t\t\t\t<div class=\"elementor-widget-container\">\n\t\t\t\t\t\t\t\t\t\t\t\t\t\t\t<img fetchpriority=\"high\" decoding=\"async\" width=\"1240\" height=\"797\" src=\"https:\/\/lesvisitesdalice.fr\/wp-content\/uploads\/2025\/07\/PLAN-1240x797.jpg\" class=\"attachment-th_img_xl size-th_img_xl wp-image-753\" alt=\"\" srcset=\"https:\/\/lesvisitesdalice.fr\/wp-content\/uploads\/2025\/07\/PLAN-1240x797.jpg 1240w, https:\/\/lesvisitesdalice.fr\/wp-content\/uploads\/2025\/07\/PLAN-600x386.jpg 600w, https:\/\/lesvisitesdalice.fr\/wp-content\/uploads\/2025\/07\/PLAN-300x193.jpg 300w, https:\/\/lesvisitesdalice.fr\/wp-content\/uploads\/2025\/07\/PLAN-1024x659.jpg 1024w, https:\/\/lesvisitesdalice.fr\/wp-content\/uploads\/2025\/07\/PLAN-768x494.jpg 768w, https:\/\/lesvisitesdalice.fr\/wp-content\/uploads\/2025\/07\/PLAN-1536x988.jpg 1536w, https:\/\/lesvisitesdalice.fr\/wp-content\/uploads\/2025\/07\/PLAN-95x61.jpg 95w, https:\/\/lesvisitesdalice.fr\/wp-content\/uploads\/2025\/07\/PLAN-124x80.jpg 124w, https:\/\/lesvisitesdalice.fr\/wp-content\/uploads\/2025\/07\/PLAN-394x253.jpg 394w, https:\/\/lesvisitesdalice.fr\/wp-content\/uploads\/2025\/07\/PLAN-915x588.jpg 915w, https:\/\/lesvisitesdalice.fr\/wp-content\/uploads\/2025\/07\/PLAN.jpg 1600w\" sizes=\"(max-width: 1240px) 100vw, 1240px\" \/>\t\t\t\t\t\t\t\t\t\t\t\t\t\t\t<\/div>\n\t\t\t\t<\/div>\n\t\t\t\t\t<\/div>\n\t\t<\/div>\n\t\t\t\t\t<\/div>\n\t\t<\/section>\n\t\t\t\t<section class=\"elementor-section elementor-top-section elementor-element elementor-element-qgk6sn0 elementor-section-boxed elementor-section-height-default elementor-section-height-default\" data-id=\"qgk6sn0\" data-element_type=\"section\" data-settings=\"{&quot;background_background&quot;:&quot;classic&quot;}\">\n\t\t\t\t\t\t<div class=\"elementor-container elementor-column-gap-default\">\n\t\t\t\t\t<div class=\"elementor-column elementor-col-100 elementor-top-column elementor-element elementor-element-uaw4tj7\" data-id=\"uaw4tj7\" data-element_type=\"column\">\n\t\t\t<div class=\"elementor-widget-wrap elementor-element-populated\">\n\t\t\t\t\t\t<div class=\"elementor-element elementor-element-l1yaoi4 elementor-view-default elementor-position-top elementor-widget elementor-widget-themo-header\" data-id=\"l1yaoi4\" data-element_type=\"widget\" data-widget_type=\"themo-header.default\">\n\t\t\t\t<div class=\"elementor-widget-container\">\n\t\t\t\t\t\t\t<div class=\"th-header-wrap\">\n        <div class=\"elementor-icon-box-wrapper \">\n                            <div class=\"elementor-icon-box-content\">\n                    <h1 class=\"elementor-icon-box-title\">\n                        CONTACT                    <\/h1>\n                                        <p class=\"elementor-icon-box-description\"><\/p>\n\n                                    <\/div>\n            <\/div>\n\n        <\/div>\n\n\t\t\t\t\t\t<\/div>\n\t\t\t\t<\/div>\n\t\t\t\t\t<\/div>\n\t\t<\/div>\n\t\t\t\t\t<\/div>\n\t\t<\/section>\n\t\t\t\t<section class=\"elementor-section elementor-top-section elementor-element elementor-element-o7twky5 elementor-section-boxed elementor-section-height-default elementor-section-height-default\" data-id=\"o7twky5\" data-element_type=\"section\">\n\t\t\t\t\t\t<div class=\"elementor-container elementor-column-gap-extended\">\n\t\t\t\t\t<div class=\"elementor-column elementor-col-50 elementor-top-column elementor-element elementor-element-xcn0qg2\" data-id=\"xcn0qg2\" data-element_type=\"column\">\n\t\t\t<div class=\"elementor-widget-wrap elementor-element-populated\">\n\t\t\t\t\t\t<div class=\"elementor-element elementor-element-ewkxetx elementor-position-left elementor-view-default elementor-widget elementor-widget-themo-service-block\" data-id=\"ewkxetx\" data-element_type=\"widget\" data-widget_type=\"themo-service-block.default\">\n\t\t\t\t<div class=\"elementor-widget-container\">\n\t\t\t\t\t\t\t<div class=\"th-service-block-w\">\n            <div class=\"elementor-icon-box-wrapper th-show-icon\">\n                                    <div class=\"elementor-icon-box-icon th-icon-size-sm\">\n                        <span class=\"elementor-icon \" >\n                            <i aria-hidden=\"true\" class=\"fasth-linea icon-basic-smartphone\"><\/i>                        <\/span>\n                    <\/div>\n                                <div class=\"elementor-icon-box-content\">\n                    <h4 class=\"elementor-icon-box-title\">\n                        <span >You can call me<\/span>\n                    <\/h4>\n                    <p class=\"elementor-icon-box-description\">06-74-01-22-54<\/p>\n                <\/div>\n            <\/div>\n\n        <\/div>\n\n\t\t\t\t\t\t<\/div>\n\t\t\t\t<\/div>\n\t\t\t\t<div class=\"elementor-element elementor-element-chif2hj elementor-widget elementor-widget-spacer\" data-id=\"chif2hj\" data-element_type=\"widget\" data-widget_type=\"spacer.default\">\n\t\t\t\t<div class=\"elementor-widget-container\">\n\t\t\t\t\t\t\t<div class=\"elementor-spacer\">\n\t\t\t<div class=\"elementor-spacer-inner\"><\/div>\n\t\t<\/div>\n\t\t\t\t\t\t<\/div>\n\t\t\t\t<\/div>\n\t\t\t\t<div class=\"elementor-element elementor-element-pinzlyz elementor-position-left elementor-view-default elementor-widget elementor-widget-themo-service-block\" data-id=\"pinzlyz\" data-element_type=\"widget\" data-widget_type=\"themo-service-block.default\">\n\t\t\t\t<div class=\"elementor-widget-container\">\n\t\t\t\t\t\t\t<div class=\"th-service-block-w\">\n            <div class=\"elementor-icon-box-wrapper th-show-icon\">\n                                    <div class=\"elementor-icon-box-icon th-icon-size-sm\">\n                        <span class=\"elementor-icon \" >\n                            <i aria-hidden=\"true\" class=\"fasth-linea icon-basic-mail\"><\/i>                        <\/span>\n                    <\/div>\n                                <div class=\"elementor-icon-box-content\">\n                    <h4 class=\"elementor-icon-box-title\">\n                        <span >Send me an email<\/span>\n                    <\/h4>\n                    <p class=\"elementor-icon-box-description\">alice.vallat13@gmail.com<\/p>\n                <\/div>\n            <\/div>\n\n        <\/div>\n\n\t\t\t\t\t\t<\/div>\n\t\t\t\t<\/div>\n\t\t\t\t<div class=\"elementor-element elementor-element-5p7axkt elementor-widget elementor-widget-spacer\" data-id=\"5p7axkt\" data-element_type=\"widget\" data-widget_type=\"spacer.default\">\n\t\t\t\t<div class=\"elementor-widget-container\">\n\t\t\t\t\t\t\t<div class=\"elementor-spacer\">\n\t\t\t<div class=\"elementor-spacer-inner\"><\/div>\n\t\t<\/div>\n\t\t\t\t\t\t<\/div>\n\t\t\t\t<\/div>\n\t\t\t\t\t<\/div>\n\t\t<\/div>\n\t\t\t\t<div class=\"elementor-column elementor-col-50 elementor-top-column elementor-element elementor-element-mfjhgsy\" data-id=\"mfjhgsy\" data-element_type=\"column\">\n\t\t\t<div class=\"elementor-widget-wrap elementor-element-populated\">\n\t\t\t\t\t\t<div class=\"elementor-element elementor-element-3luh5i2 elementor-widget elementor-widget-themo-formidable-form\" data-id=\"3luh5i2\" data-element_type=\"widget\" data-widget_type=\"themo-formidable-form.default\">\n\t\t\t\t<div class=\"elementor-widget-container\">\n\t\t\t\t\t            <div class=\"th-fo-form  th-form-default  th-btn-form btn-standard-primary-form\"><div class=\"frm_forms  with_frm_style frm_style_formidable-style\" id=\"frm_form_3_container\" >\n<form enctype=\"multipart\/form-data\" method=\"post\" class=\"frm-show-form \" id=\"form_contact3\" >\n<div class=\"frm_form_fields \">\n<fieldset>\n\r\n<div class=\"frm_fields_container\">\n<input type=\"hidden\" name=\"frm_action\" value=\"create\" \/>\n<input type=\"hidden\" name=\"form_id\" value=\"3\" \/>\n<input type=\"hidden\" name=\"frm_hide_fields_3\" id=\"frm_hide_fields_3\" value=\"\" \/>\n<input type=\"hidden\" name=\"form_key\" value=\"contact3\" \/>\n<input type=\"hidden\" name=\"item_meta[0]\" value=\"\" \/>\n<input type=\"hidden\" id=\"frm_submit_entry_3\" name=\"frm_submit_entry_3\" value=\"1307a45f89\" \/><input type=\"hidden\" name=\"_wp_http_referer\" value=\"\/en\/wp-json\/wp\/v2\/pages\/756\" \/><div id=\"frm_field_9_container\" class=\"frm_form_field form-field  frm_required_field frm_none_container frm_full\">\r\n    <label for=\"field_xipbjr3\" class=\"frm_primary_label\">Nom\r\n        <span class=\"frm_required\">*<\/span>\r\n    <\/label>\r\n    <input type=\"text\" id=\"field_xipbjr3\" name=\"item_meta[9]\" value=\"\"  placeholder=\"Nom\" data-reqmsg=\"Nom cannot be blank.\" aria-required=\"true\" data-invmsg=\"Nom est non valide\" aria-invalid=\"false\"  \/>\r\n    \r\n    \r\n<\/div>\n<div id=\"frm_field_10_container\" class=\"frm_form_field form-field  frm_required_field frm_none_container frm_full\">\r\n    <label for=\"field_jaehy83\" class=\"frm_primary_label\">Email\r\n        <span class=\"frm_required\">*<\/span>\r\n    <\/label>\r\n    <input type=\"text\" id=\"field_jaehy83\" name=\"item_meta[10]\" value=\"\"  placeholder=\"Email\" data-reqmsg=\"Email cannot be blank.\" aria-required=\"true\" data-invmsg=\"Email is invalid\" aria-invalid=\"false\"  \/>\r\n    \r\n    \r\n<\/div>\n<div id=\"frm_field_11_container\" class=\"frm_form_field form-field  frm_none_container frm_full\">\r\n    <label for=\"field_cqpguu3\" class=\"frm_primary_label\">T\u00e9l\u00e9phone\r\n        <span class=\"frm_required\"><\/span>\r\n    <\/label>\r\n    <input type=\"text\" id=\"field_cqpguu3\" name=\"item_meta[11]\" value=\"\"  placeholder=\"T\u00e9l\u00e9phone\" data-invmsg=\"T\u00e9l\u00e9phone est non valide\" aria-invalid=\"false\"  \/>\r\n    \r\n    \r\n<\/div>\n<div id=\"frm_field_12_container\" class=\"frm_form_field form-field  frm_required_field frm_none_container frm_full\">\r\n    <label for=\"field_w7ueyk3\" class=\"frm_primary_label\">Sujet\r\n        <span class=\"frm_required\">*<\/span>\r\n    <\/label>\r\n    <input type=\"text\" id=\"field_w7ueyk3\" name=\"item_meta[12]\" value=\"\"  placeholder=\"Sujet\" data-reqmsg=\"Sujet cannot be blank.\" aria-required=\"true\" data-invmsg=\"Sujet est non valide\" aria-invalid=\"false\"  \/>\r\n    \r\n    \r\n<\/div>\n<div id=\"frm_field_13_container\" class=\"frm_form_field form-field  frm_required_field frm_none_container frm_full\">\r\n    <label for=\"field_kggkvh3\" class=\"frm_primary_label\">Message\r\n        <span class=\"frm_required\">*<\/span>\r\n    <\/label>\r\n    <textarea name=\"item_meta[13]\" id=\"field_kggkvh3\" rows=\"5\"  placeholder=\"Message\" data-reqmsg=\"Message cannot be blank.\" aria-required=\"true\" data-invmsg=\"Message is invalid\" aria-invalid=\"false\"  ><\/textarea>\r\n    \r\n    \r\n<\/div>\n<div id=\"frm_field_66_container\" class=\"frm_form_field form-field \">\r\n\t<div class=\"frm_submit\">\r\n\r\n<input type=\"submit\" value=\"Envoyer\"  \/>\r\n<img decoding=\"async\" class=\"frm_ajax_loading\" src=\"https:\/\/lesvisitesdalice.fr\/wp-content\/plugins\/formidable\/images\/ajax_loader.gif\" alt=\"Sending\" style=\"visibility:hidden;\" \/>\r\n\r\n<\/div>\r\n<\/div>\n\t<input type=\"hidden\" name=\"item_key\" value=\"\" \/>\n\t\t\t<div id=\"frm_field_69_container\">\n\t\t\t<label for=\"field_e19fp\" >\n\t\t\t\tIf you are human, leave this field blank.\t\t\t<\/label>\n\t\t\t<input  id=\"field_e19fp\" type=\"text\" class=\"frm_form_field form-field frm_verify\" name=\"item_meta[69]\" value=\"\"  \/>\n\t\t<\/div>\n\t\t<input name=\"frm_state\" type=\"hidden\" value=\"l1L2rEDGGx2sjL5TfWC31gPKYyC05i3\/1E97VC8vrAY=\" \/><\/div>\n<\/fieldset>\n<\/div>\n\n<\/form>\n<\/div>\n<\/div>\n            \t\t\t\t<\/div>\n\t\t\t\t<\/div>\n\t\t\t\t\t<\/div>\n\t\t<\/div>\n\t\t\t\t\t<\/div>\n\t\t<\/section>\n\t\t\t\t<section class=\"elementor-section elementor-top-section elementor-element elementor-element-bqlt0sn elementor-section-boxed elementor-section-height-default elementor-section-height-default\" data-id=\"bqlt0sn\" data-element_type=\"section\">\n\t\t\t\t\t\t<div class=\"elementor-container elementor-column-gap-default\">\n\t\t\t\t\t<div class=\"elementor-column elementor-col-100 elementor-top-column elementor-element elementor-element-gcm8twg\" data-id=\"gcm8twg\" data-element_type=\"column\">\n\t\t\t<div class=\"elementor-widget-wrap elementor-element-populated\">\n\t\t\t\t\t\t<div class=\"elementor-element elementor-element-51xhzgf elementor-widget elementor-widget-spacer\" data-id=\"51xhzgf\" data-element_type=\"widget\" data-widget_type=\"spacer.default\">\n\t\t\t\t<div class=\"elementor-widget-container\">\n\t\t\t\t\t\t\t<div class=\"elementor-spacer\">\n\t\t\t<div class=\"elementor-spacer-inner\"><\/div>\n\t\t<\/div>\n\t\t\t\t\t\t<\/div>\n\t\t\t\t<\/div>\n\t\t\t\t\t<\/div>\n\t\t<\/div>\n\t\t\t\t\t<\/div>\n\t\t<\/section>\n\t\t\t\t<\/div>\n\t\t","protected":false},"excerpt":{"rendered":"<p>CONTACT You can call me 06-74-01-22-54 Send me an email alice.vallat13@gmail.com Nom * Email * T\u00e9l\u00e9phone Sujet * Message * Si vous \u00eates un humain, ne remplissez pas ce champ.<\/p>\n","protected":false},"author":1,"featured_media":0,"parent":0,"menu_order":17,"comment_status":"closed","ping_status":"closed","template":"","meta":{"footnotes":""},"class_list":["post-756","page","type-page","status-publish","hentry"],"yoast_head":"<!-- This site is optimized with the Yoast SEO plugin v26.7 - https:\/\/yoast.com\/wordpress\/plugins\/seo\/ -->\n<title>Contact - Les visites d&#039;Alice<\/title>\n<meta name=\"description\" content=\"Contact Alice to book your guided tours of Arles, ask your questions or organize a personalized tour of the city and its heritage.\" \/>\n<meta name=\"robots\" content=\"index, follow, max-snippet:-1, max-image-preview:large, max-video-preview:-1\" \/>\n<link rel=\"canonical\" href=\"https:\/\/lesvisitesdalice.fr\/en\/contact\/\" \/>\n<meta property=\"og:locale\" content=\"en_US\" \/>\n<meta property=\"og:type\" content=\"article\" \/>\n<meta property=\"og:title\" content=\"Contact - Les visites d&#039;Alice\" \/>\n<meta property=\"og:description\" content=\"Contact Alice to book your guided tours of Arles, ask your questions or organize a personalized tour of the city and its heritage.\" \/>\n<meta property=\"og:url\" content=\"https:\/\/lesvisitesdalice.fr\/en\/contact\/\" \/>\n<meta property=\"og:site_name\" content=\"Les visites d&#039;Alice\" \/>\n<meta property=\"article:publisher\" content=\"https:\/\/www.facebook.com\/p\/Les-Visites-dAlice-Vallat--Arles-100064756236963\/\" \/>\n<meta property=\"article:modified_time\" content=\"2026-01-13T13:45:37+00:00\" \/>\n<meta property=\"og:image\" content=\"http:\/\/lesvisitesdalice.fr\/wp-content\/uploads\/2025\/07\/PLAN-1240x797.jpg\" \/>\n<meta name=\"twitter:card\" content=\"summary_large_image\" \/>\n<meta name=\"twitter:label1\" content=\"Est. reading time\" \/>\n\t<meta name=\"twitter:data1\" content=\"1 minute\" \/>\n<script type=\"application\/ld+json\" class=\"yoast-schema-graph\">{\"@context\":\"https:\/\/schema.org\",\"@graph\":[{\"@type\":\"WebPage\",\"@id\":\"https:\/\/lesvisitesdalice.fr\/en\/contact\/\",\"url\":\"https:\/\/lesvisitesdalice.fr\/en\/contact\/\",\"name\":\"Contact - Les visites d&#039;Alice\",\"isPartOf\":{\"@id\":\"https:\/\/lesvisitesdalice.fr\/en\/#website\"},\"primaryImageOfPage\":{\"@id\":\"https:\/\/lesvisitesdalice.fr\/en\/contact\/#primaryimage\"},\"image\":{\"@id\":\"https:\/\/lesvisitesdalice.fr\/en\/contact\/#primaryimage\"},\"thumbnailUrl\":\"http:\/\/lesvisitesdalice.fr\/wp-content\/uploads\/2025\/07\/PLAN-1240x797.jpg\",\"datePublished\":\"2017-05-31T03:05:41+00:00\",\"dateModified\":\"2026-01-13T13:45:37+00:00\",\"description\":\"Contact Alice to book your guided tours of Arles, ask your questions or organize a personalized tour of the city and its heritage.\",\"breadcrumb\":{\"@id\":\"https:\/\/lesvisitesdalice.fr\/en\/contact\/#breadcrumb\"},\"inLanguage\":\"en-US\",\"potentialAction\":[{\"@type\":\"ReadAction\",\"target\":[\"https:\/\/lesvisitesdalice.fr\/en\/contact\/\"]}]},{\"@type\":\"ImageObject\",\"inLanguage\":\"en-US\",\"@id\":\"https:\/\/lesvisitesdalice.fr\/en\/contact\/#primaryimage\",\"url\":\"http:\/\/lesvisitesdalice.fr\/wp-content\/uploads\/2025\/07\/PLAN-1240x797.jpg\",\"contentUrl\":\"http:\/\/lesvisitesdalice.fr\/wp-content\/uploads\/2025\/07\/PLAN-1240x797.jpg\"},{\"@type\":\"BreadcrumbList\",\"@id\":\"https:\/\/lesvisitesdalice.fr\/en\/contact\/#breadcrumb\",\"itemListElement\":[{\"@type\":\"ListItem\",\"position\":1,\"name\":\"Accueil\",\"item\":\"https:\/\/lesvisitesdalice.fr\/en\/\"},{\"@type\":\"ListItem\",\"position\":2,\"name\":\"Contact\"}]},{\"@type\":\"WebSite\",\"@id\":\"https:\/\/lesvisitesdalice.fr\/en\/#website\",\"url\":\"https:\/\/lesvisitesdalice.fr\/en\/\",\"name\":\"Les visites d'Alice\",\"description\":\"Visite guid\u00e9e | Arles, France\",\"publisher\":{\"@id\":\"https:\/\/lesvisitesdalice.fr\/en\/#organization\"},\"potentialAction\":[{\"@type\":\"SearchAction\",\"target\":{\"@type\":\"EntryPoint\",\"urlTemplate\":\"https:\/\/lesvisitesdalice.fr\/en\/?s={search_term_string}\"},\"query-input\":{\"@type\":\"PropertyValueSpecification\",\"valueRequired\":true,\"valueName\":\"search_term_string\"}}],\"inLanguage\":\"en-US\"},{\"@type\":\"Organization\",\"@id\":\"https:\/\/lesvisitesdalice.fr\/en\/#organization\",\"name\":\"Les visites d'Alice\",\"url\":\"https:\/\/lesvisitesdalice.fr\/en\/\",\"logo\":{\"@type\":\"ImageObject\",\"inLanguage\":\"en-US\",\"@id\":\"https:\/\/lesvisitesdalice.fr\/en\/#\/schema\/logo\/image\/\",\"url\":\"https:\/\/lesvisitesdalice.fr\/wp-content\/uploads\/2025\/06\/cropped-logo-visites-alice-bleu.png\",\"contentUrl\":\"https:\/\/lesvisitesdalice.fr\/wp-content\/uploads\/2025\/06\/cropped-logo-visites-alice-bleu.png\",\"width\":388,\"height\":200,\"caption\":\"Les visites d'Alice\"},\"image\":{\"@id\":\"https:\/\/lesvisitesdalice.fr\/en\/#\/schema\/logo\/image\/\"},\"sameAs\":[\"https:\/\/www.facebook.com\/p\/Les-Visites-dAlice-Vallat--Arles-100064756236963\/\"]}]}<\/script>\n<!-- \/ Yoast SEO plugin. -->","yoast_head_json":{"title":"Contact - Les visites d&#039;Alice","description":"Contact Alice to book your guided tours of Arles, ask your questions or organize a personalized tour of the city and its heritage.","robots":{"index":"index","follow":"follow","max-snippet":"max-snippet:-1","max-image-preview":"max-image-preview:large","max-video-preview":"max-video-preview:-1"},"canonical":"https:\/\/lesvisitesdalice.fr\/en\/contact\/","og_locale":"en_US","og_type":"article","og_title":"Contact - Les visites d&#039;Alice","og_description":"Contact Alice to book your guided tours of Arles, ask your questions or organize a personalized tour of the city and its heritage.","og_url":"https:\/\/lesvisitesdalice.fr\/en\/contact\/","og_site_name":"Les visites d&#039;Alice","article_publisher":"https:\/\/www.facebook.com\/p\/Les-Visites-dAlice-Vallat--Arles-100064756236963\/","article_modified_time":"2026-01-13T13:45:37+00:00","og_image":[{"url":"http:\/\/lesvisitesdalice.fr\/wp-content\/uploads\/2025\/07\/PLAN-1240x797.jpg","type":"","width":"","height":""}],"twitter_card":"summary_large_image","twitter_misc":{"Est. reading time":"1 minute"},"schema":{"@context":"https:\/\/schema.org","@graph":[{"@type":"WebPage","@id":"https:\/\/lesvisitesdalice.fr\/en\/contact\/","url":"https:\/\/lesvisitesdalice.fr\/en\/contact\/","name":"Contact - Les visites d&#039;Alice","isPartOf":{"@id":"https:\/\/lesvisitesdalice.fr\/en\/#website"},"primaryImageOfPage":{"@id":"https:\/\/lesvisitesdalice.fr\/en\/contact\/#primaryimage"},"image":{"@id":"https:\/\/lesvisitesdalice.fr\/en\/contact\/#primaryimage"},"thumbnailUrl":"http:\/\/lesvisitesdalice.fr\/wp-content\/uploads\/2025\/07\/PLAN-1240x797.jpg","datePublished":"2017-05-31T03:05:41+00:00","dateModified":"2026-01-13T13:45:37+00:00","description":"Contact Alice to book your guided tours of Arles, ask your questions or organize a personalized tour of the city and its heritage.","breadcrumb":{"@id":"https:\/\/lesvisitesdalice.fr\/en\/contact\/#breadcrumb"},"inLanguage":"en-US","potentialAction":[{"@type":"ReadAction","target":["https:\/\/lesvisitesdalice.fr\/en\/contact\/"]}]},{"@type":"ImageObject","inLanguage":"en-US","@id":"https:\/\/lesvisitesdalice.fr\/en\/contact\/#primaryimage","url":"http:\/\/lesvisitesdalice.fr\/wp-content\/uploads\/2025\/07\/PLAN-1240x797.jpg","contentUrl":"http:\/\/lesvisitesdalice.fr\/wp-content\/uploads\/2025\/07\/PLAN-1240x797.jpg"},{"@type":"BreadcrumbList","@id":"https:\/\/lesvisitesdalice.fr\/en\/contact\/#breadcrumb","itemListElement":[{"@type":"ListItem","position":1,"name":"Accueil","item":"https:\/\/lesvisitesdalice.fr\/en\/"},{"@type":"ListItem","position":2,"name":"Contact"}]},{"@type":"WebSite","@id":"https:\/\/lesvisitesdalice.fr\/en\/#website","url":"https:\/\/lesvisitesdalice.fr\/en\/","name":"Les visites d'Alice","description":"Visite guid\u00e9e | Arles, France","publisher":{"@id":"https:\/\/lesvisitesdalice.fr\/en\/#organization"},"potentialAction":[{"@type":"SearchAction","target":{"@type":"EntryPoint","urlTemplate":"https:\/\/lesvisitesdalice.fr\/en\/?s={search_term_string}"},"query-input":{"@type":"PropertyValueSpecification","valueRequired":true,"valueName":"search_term_string"}}],"inLanguage":"en-US"},{"@type":"Organization","@id":"https:\/\/lesvisitesdalice.fr\/en\/#organization","name":"Les visites d'Alice","url":"https:\/\/lesvisitesdalice.fr\/en\/","logo":{"@type":"ImageObject","inLanguage":"en-US","@id":"https:\/\/lesvisitesdalice.fr\/en\/#\/schema\/logo\/image\/","url":"https:\/\/lesvisitesdalice.fr\/wp-content\/uploads\/2025\/06\/cropped-logo-visites-alice-bleu.png","contentUrl":"https:\/\/lesvisitesdalice.fr\/wp-content\/uploads\/2025\/06\/cropped-logo-visites-alice-bleu.png","width":388,"height":200,"caption":"Les visites d'Alice"},"image":{"@id":"https:\/\/lesvisitesdalice.fr\/en\/#\/schema\/logo\/image\/"},"sameAs":["https:\/\/www.facebook.com\/p\/Les-Visites-dAlice-Vallat--Arles-100064756236963\/"]}]}},"_links":{"self":[{"href":"https:\/\/lesvisitesdalice.fr\/en\/wp-json\/wp\/v2\/pages\/756","targetHints":{"allow":["GET"]}}],"collection":[{"href":"https:\/\/lesvisitesdalice.fr\/en\/wp-json\/wp\/v2\/pages"}],"about":[{"href":"https:\/\/lesvisitesdalice.fr\/en\/wp-json\/wp\/v2\/types\/page"}],"author":[{"embeddable":true,"href":"https:\/\/lesvisitesdalice.fr\/en\/wp-json\/wp\/v2\/users\/1"}],"replies":[{"embeddable":true,"href":"https:\/\/lesvisitesdalice.fr\/en\/wp-json\/wp\/v2\/comments?post=756"}],"version-history":[{"count":1,"href":"https:\/\/lesvisitesdalice.fr\/en\/wp-json\/wp\/v2\/pages\/756\/revisions"}],"predecessor-version":[{"id":757,"href":"https:\/\/lesvisitesdalice.fr\/en\/wp-json\/wp\/v2\/pages\/756\/revisions\/757"}],"wp:attachment":[{"href":"https:\/\/lesvisitesdalice.fr\/en\/wp-json\/wp\/v2\/media?parent=756"}],"curies":[{"name":"wp","href":"https:\/\/api.w.org\/{rel}","templated":true}]}}